{"id":2026,"date":"2025-10-08T19:47:35","date_gmt":"2025-10-08T17:47:35","guid":{"rendered":"https:\/\/www.maxxum.com.ar\/libreria\/?post_type=product&#038;p=2026"},"modified":"2025-10-08T20:27:16","modified_gmt":"2025-10-08T18:27:16","slug":"temperas-pomitos","status":"publish","type":"product","link":"https:\/\/www.maxxum.com.ar\/libreria\/producto\/temperas-pomitos\/","title":{"rendered":"T\u00e9mperas Pomitos"},"content":{"rendered":"","protected":false},"excerpt":{"rendered":"<ul>\n<li>No t\u00f3xicas<\/li>\n<li>Lavables<\/li>\n<li>Gran poder cubritivo por sus pigmentos de primer\u00edsima calidad<\/li>\n<li>Solubles en agua y altamente homog\u00e9nea en su color y consistencia.<\/li>\n<li>Gran versatilidad de uso:\u00a0 te\u00f1ido de porcelana en fr\u00edo y otros materiales y masas<\/li>\n<li>Aptas para pintar papel, cartulina, cart\u00f3n, yeso, cer\u00e1mica, madera, porcelana en fr\u00edo, etc.<\/li>\n<\/ul>\n<p>&nbsp;<\/p>\n<p><u>Presentaciones<\/u>\u00a0\u00a0\u00a0\u00a0\u00a0\u00a0\u00a0\u00a0\u00a0\u00a0\u00a0 :<\/p>\n<p>Bolsa x 5 pomos de 8 cm3 colores primarios<\/p>\n<p>Estuche x 10 pomos de 8 cm3 colores tradic.<\/p>\n<p>Estuche x 6 pomos de 8 cm3 colores fluo<\/p>\n","protected":false},"featured_media":1979,"template":"","meta":{"_kadence_starter_templates_imported_post":false,"_kad_post_transparent":"default","_kad_post_title":"","_kad_post_layout":"default","_kad_post_sidebar_id":"","_kad_post_content_style":"default","_kad_post_vertical_padding":"default","_kad_post_feature":"","_kad_post_feature_position":"","_kad_post_header":false,"_kad_post_footer":false},"product_brand":[],"product_cat":[63,47],"product_tag":[],"class_list":{"0":"post-2026","1":"product","2":"type-product","3":"status-publish","4":"has-post-thumbnail","6":"product_cat-pomitos","7":"product_cat-temperas","9":"first","10":"instock","11":"featured","12":"shipping-taxable","13":"product-type-simple","14":"entry","15":"content-bg","16":"loop-entry"},"_links":{"self":[{"href":"https:\/\/www.maxxum.com.ar\/libreria\/wp-json\/wp\/v2\/product\/2026","targetHints":{"allow":["GET"]}}],"collection":[{"href":"https:\/\/www.maxxum.com.ar\/libreria\/wp-json\/wp\/v2\/product"}],"about":[{"href":"https:\/\/www.maxxum.com.ar\/libreria\/wp-json\/wp\/v2\/types\/product"}],"wp:featuredmedia":[{"embeddable":true,"href":"https:\/\/www.maxxum.com.ar\/libreria\/wp-json\/wp\/v2\/media\/1979"}],"wp:attachment":[{"href":"https:\/\/www.maxxum.com.ar\/libreria\/wp-json\/wp\/v2\/media?parent=2026"}],"wp:term":[{"taxonomy":"product_brand","embeddable":true,"href":"https:\/\/www.maxxum.com.ar\/libreria\/wp-json\/wp\/v2\/product_brand?post=2026"},{"taxonomy":"product_cat","embeddable":true,"href":"https:\/\/www.maxxum.com.ar\/libreria\/wp-json\/wp\/v2\/product_cat?post=2026"},{"taxonomy":"product_tag","embeddable":true,"href":"https:\/\/www.maxxum.com.ar\/libreria\/wp-json\/wp\/v2\/product_tag?post=2026"}],"curies":[{"name":"wp","href":"https:\/\/api.w.org\/{rel}","templated":true}]}}