{"id":2024,"date":"2025-10-08T17:58:08","date_gmt":"2025-10-08T15:58:08","guid":{"rendered":"https:\/\/www.maxxum.com.ar\/libreria\/?post_type=product&#038;p=2024"},"modified":"2025-10-08T20:45:00","modified_gmt":"2025-10-08T18:45:00","slug":"geometria","status":"publish","type":"product","link":"https:\/\/www.maxxum.com.ar\/libreria\/producto\/geometria\/","title":{"rendered":"Geometr\u00eda"},"content":{"rendered":"","protected":false},"excerpt":{"rendered":"<p>Art\u00edculos de trazado de f\u00e1cil manejo.<\/p>\n<p>Material de excelente calidad. Su transparencia optimiza las t\u00e9cnicas de marcaci\u00f3n.<\/p>\n<p>Escala en color negro grabada en bajo relieve.<\/p>\n<p>Presentaciones:<\/p>\n<p>SET GEOM\u00c9TRICO DE 3 PIEZAS (REGLA 20CM, ESCUADRA 20CM, TRANSPORTADOR)<\/p>\n<p>REGLA 15CM, 20CM, 30CM<\/p>\n<p>ESCUADRA 20CM<\/p>\n<p>TRANSPORTADOR<\/p>\n","protected":false},"featured_media":2025,"template":"","meta":{"_kadence_starter_templates_imported_post":false,"_kad_post_transparent":"default","_kad_post_title":"","_kad_post_layout":"default","_kad_post_sidebar_id":"","_kad_post_content_style":"default","_kad_post_vertical_padding":"default","_kad_post_feature":"","_kad_post_feature_position":"","_kad_post_header":false,"_kad_post_footer":false},"product_brand":[],"product_cat":[48],"product_tag":[],"class_list":{"0":"post-2024","1":"product","2":"type-product","3":"status-publish","4":"has-post-thumbnail","6":"product_cat-geometria","8":"first","9":"instock","10":"shipping-taxable","11":"product-type-simple","12":"entry","13":"content-bg","14":"loop-entry"},"_links":{"self":[{"href":"https:\/\/www.maxxum.com.ar\/libreria\/wp-json\/wp\/v2\/product\/2024","targetHints":{"allow":["GET"]}}],"collection":[{"href":"https:\/\/www.maxxum.com.ar\/libreria\/wp-json\/wp\/v2\/product"}],"about":[{"href":"https:\/\/www.maxxum.com.ar\/libreria\/wp-json\/wp\/v2\/types\/product"}],"wp:featuredmedia":[{"embeddable":true,"href":"https:\/\/www.maxxum.com.ar\/libreria\/wp-json\/wp\/v2\/media\/2025"}],"wp:attachment":[{"href":"https:\/\/www.maxxum.com.ar\/libreria\/wp-json\/wp\/v2\/media?parent=2024"}],"wp:term":[{"taxonomy":"product_brand","embeddable":true,"href":"https:\/\/www.maxxum.com.ar\/libreria\/wp-json\/wp\/v2\/product_brand?post=2024"},{"taxonomy":"product_cat","embeddable":true,"href":"https:\/\/www.maxxum.com.ar\/libreria\/wp-json\/wp\/v2\/product_cat?post=2024"},{"taxonomy":"product_tag","embeddable":true,"href":"https:\/\/www.maxxum.com.ar\/libreria\/wp-json\/wp\/v2\/product_tag?post=2024"}],"curies":[{"name":"wp","href":"https:\/\/api.w.org\/{rel}","templated":true}]}}